{"id":10,"date":"2024-05-23T11:07:33","date_gmt":"2024-05-23T09:07:44","guid":{"rendered":"http:\/\/ninas-haekelkunst.de\/?page_id=10"},"modified":"2024-05-23T11:18:28","modified_gmt":"2024-05-23T09:18:28","slug":"rueckerstattung_rueckgaben","status":"publish","type":"page","link":"https:\/\/ninas-haekelkunst.de\/index.php\/rueckerstattung_rueckgaben\/","title":{"rendered":"Richtlinie f\u00fcr R\u00fcckerstattungen und R\u00fcckgaben"},"content":{"rendered":"\n<p>Artikel, die bei Ninas H\u00e4kelkunst gekauft wurden, k\u00f6nnen in den meisten F\u00e4llen innerhalb von 14<br>Tagen nach Eingang der Ware zur\u00fcckgegeben werden. W\u00e4hrend dieses Zeitraums kannst Du das<br>Produkt ausprobieren und \u00fcberpr\u00fcfen, wie es auch in station\u00e4ren Gesch\u00e4ften \u00fcblich ist. <\/p>\n\n\n\n<p>Das Produkt muss noch im Ursprungszustand sein und darf in keinster Weise besch\u00e4digt sein. Das<br>Produkt darf nur aus der Verpackung genommen werden, wenn diese nicht versiegelt ist.<\/p>\n\n\n\n<p><br>Falls Du den Artikel zur\u00fcckschicken m\u00f6chtest, musst Du uns dar\u00fcber informieren. F\u00fclle dazu das<br>R\u00fccksendeformular auf unserer Website aus oder nutze das untere Muster-Widerrufsformular.<br>Du kannst uns auch \u00fcber deine R\u00fcckgabe per E-Mail an info@ninas-haekelkunst.de informieren.<br><\/p>\n\n\n\n<p>Bitte beachte, dass Du die Artikel innerhalb von 14 Tagen, nachdem Du uns \u00fcber die R\u00fcckgabe in<br>Kenntnis gesetzt hast, an uns zur\u00fccksenden musst.<\/p>\n\n\n\n<p><br><strong>Bearbeitung deiner R\u00fccksendung<\/strong><br>Nachdem wir deine R\u00fccksendung erhalten haben, werden wir den retournierten Artikel pr\u00fcfen<br>und anschlie\u00dfend mit der Bearbeitung deiner R\u00fcckerstattung beginnen. Dein Geld wird \u00fcber die<br>von dir beim Kauf benutzte Zahlungsmethode zur\u00fcckerstattet, sofern Du keine anderweitige<br>R\u00fcckerstattung verlangt hast. <\/p>\n\n\n\n<p>Wir bezahlen deine R\u00fcckerstattung innerhalb von 14 Tagen aus.<br>Sie m\u00fcssen die R\u00fccksendekosten selbst tragen. Die Kosten betragen maximal 5,49\u20ac.<\/p>\n\n\n\n<p><br><strong>Artikel, die nicht zur\u00fcckgesendet werden k\u00f6nnen<br>Folgende Produktarten k\u00f6nnen nicht zur\u00fcckgegeben werden:<br>Produkte, die entsprechend den Anweisungen des Kunden individuell angefertigt wurden.<br>sowie: Nach Wunsch ausgew\u00e4hlte Farbkombinationen.<\/strong><\/p>\n\n\n\n<p><br>Widerrufsformular<br>Wenn du deinen Vertrag widerrufen m\u00f6chtest, dann f\u00fclle bitte folgendes Formular aus und sende<br>es an:<br><\/p>\n\n\n\n<p>Vladimir Shalin<\/p>\n\n\n\n<p>Vienkenstra\u00dfe 64a<br>46240 Bottrop<br>Germany<br>Oder per E-Mail an: info@ninas-haekelkunst.de<\/p>\n\n\n\n<p><br>Hiermit trete ich vom Vertrag \u00fcber den Kauf folgender Waren zur\u00fcck:<\/p>\n\n\n\n<hr class=\"wp-block-separator has-alpha-channel-opacity\"\/>\n\n\n\n<hr class=\"wp-block-separator has-alpha-channel-opacity\"\/>\n\n\n\n<hr class=\"wp-block-separator has-alpha-channel-opacity\"\/>\n\n\n\n<p>Bestellt am: <strong><em><strong><em>__________<\/em><\/strong><\/em><\/strong>, Erhalten am: <strong><em><strong><em>__________<\/em><\/strong><\/em><\/strong><br>Kundenname:<\/p>\n\n\n\n<hr class=\"wp-block-separator has-alpha-channel-opacity\"\/>\n\n\n\n<p>Adresse des Kunden:<\/p>\n\n\n\n<hr class=\"wp-block-separator has-alpha-channel-opacity\"\/>\n\n\n\n<hr class=\"wp-block-separator has-alpha-channel-opacity\"\/>\n\n\n\n<p>Unterschrift des Kunden und Datum:<\/p>\n\n\n\n<hr class=\"wp-block-separator has-alpha-channel-opacity\"\/>\n","protected":false},"excerpt":{"rendered":"<p>Artikel, die bei Ninas H\u00e4kelkunst gekauft wurden, k\u00f6nnen in den meisten F\u00e4llen innerhalb von 14Tagen nach Eingang der Ware zur\u00fcckgegeben werden. W\u00e4hrend dieses Zeitraums kannst Du dasProdukt ausprobieren und \u00fcberpr\u00fcfen, wie es auch in station\u00e4ren Gesch\u00e4ften \u00fcblich ist. Das Produkt muss noch im Ursprungszustand sein und darf in keinster Weise besch\u00e4digt sein. DasProdukt darf nur<\/p>\n<div class=\"more-link\">\n\t\t\t\t <a href=\"https:\/\/ninas-haekelkunst.de\/index.php\/rueckerstattung_rueckgaben\/\" class=\"btn theme-btn\"><span>Weiterlesen <\/span><i class=\"icofont-thin-double-right\"><\/i><\/a>\n\t\t\t<\/div>\n","protected":false},"author":1,"featured_media":0,"parent":0,"menu_order":0,"comment_status":"closed","ping_status":"closed","template":"","meta":{"footnotes":""},"class_list":["post-10","page","type-page","status-publish","hentry"],"jetpack_sharing_enabled":true,"_links":{"self":[{"href":"https:\/\/ninas-haekelkunst.de\/index.php\/wp-json\/wp\/v2\/pages\/10","targetHints":{"allow":["GET"]}}],"collection":[{"href":"https:\/\/ninas-haekelkunst.de\/index.php\/wp-json\/wp\/v2\/pages"}],"about":[{"href":"https:\/\/ninas-haekelkunst.de\/index.php\/wp-json\/wp\/v2\/types\/page"}],"author":[{"embeddable":true,"href":"https:\/\/ninas-haekelkunst.de\/index.php\/wp-json\/wp\/v2\/users\/1"}],"replies":[{"embeddable":true,"href":"https:\/\/ninas-haekelkunst.de\/index.php\/wp-json\/wp\/v2\/comments?post=10"}],"version-history":[{"count":1,"href":"https:\/\/ninas-haekelkunst.de\/index.php\/wp-json\/wp\/v2\/pages\/10\/revisions"}],"predecessor-version":[{"id":127,"href":"https:\/\/ninas-haekelkunst.de\/index.php\/wp-json\/wp\/v2\/pages\/10\/revisions\/127"}],"wp:attachment":[{"href":"https:\/\/ninas-haekelkunst.de\/index.php\/wp-json\/wp\/v2\/media?parent=10"}],"curies":[{"name":"wp","href":"https:\/\/api.w.org\/{rel}","templated":true}]}}