{"id":248,"date":"2024-05-23T16:17:55","date_gmt":"2024-05-23T14:17:55","guid":{"rendered":"https:\/\/ninas-haekelkunst.de\/?post_type=product&#038;p=248"},"modified":"2024-10-06T23:24:01","modified_gmt":"2024-10-06T21:24:01","slug":"schildkroete-mit-po","status":"publish","type":"product","link":"https:\/\/ninas-haekelkunst.de\/index.php\/produkt\/schildkroete-mit-po\/","title":{"rendered":"Schildkr\u00f6te mit Po"},"content":{"rendered":"","protected":false},"excerpt":{"rendered":"<p>Die Schildkr\u00f6te wird f\u00fcr Sie pers\u00f6nlich angefertigt.<br \/>Gr\u00f6\u00dfe etwa 12cm.<\/p>\n","protected":false},"featured_media":249,"comment_status":"open","ping_status":"closed","template":"","meta":[],"product_brand":[],"product_cat":[26],"product_tag":[],"class_list":{"0":"post-248","1":"product","2":"type-product","3":"status-publish","4":"has-post-thumbnail","6":"product_cat-kuscheltier","8":"first","9":"instock","10":"sale","11":"purchasable","12":"product-type-simple"},"jetpack_sharing_enabled":true,"_links":{"self":[{"href":"https:\/\/ninas-haekelkunst.de\/index.php\/wp-json\/wp\/v2\/product\/248","targetHints":{"allow":["GET"]}}],"collection":[{"href":"https:\/\/ninas-haekelkunst.de\/index.php\/wp-json\/wp\/v2\/product"}],"about":[{"href":"https:\/\/ninas-haekelkunst.de\/index.php\/wp-json\/wp\/v2\/types\/product"}],"replies":[{"embeddable":true,"href":"https:\/\/ninas-haekelkunst.de\/index.php\/wp-json\/wp\/v2\/comments?post=248"}],"wp:featuredmedia":[{"embeddable":true,"href":"https:\/\/ninas-haekelkunst.de\/index.php\/wp-json\/wp\/v2\/media\/249"}],"wp:attachment":[{"href":"https:\/\/ninas-haekelkunst.de\/index.php\/wp-json\/wp\/v2\/media?parent=248"}],"wp:term":[{"taxonomy":"product_brand","embeddable":true,"href":"https:\/\/ninas-haekelkunst.de\/index.php\/wp-json\/wp\/v2\/product_brand?post=248"},{"taxonomy":"product_cat","embeddable":true,"href":"https:\/\/ninas-haekelkunst.de\/index.php\/wp-json\/wp\/v2\/product_cat?post=248"},{"taxonomy":"product_tag","embeddable":true,"href":"https:\/\/ninas-haekelkunst.de\/index.php\/wp-json\/wp\/v2\/product_tag?post=248"}],"curies":[{"name":"wp","href":"https:\/\/api.w.org\/{rel}","templated":true}]}}